{"id":7412,"date":"2023-10-07T22:14:49","date_gmt":"2023-10-08T01:14:49","guid":{"rendered":"https:\/\/liberocomercialbrasil.com\/index.php\/product\/calca-verao-masculina-algodao-elastico\/"},"modified":"2023-10-07T22:22:19","modified_gmt":"2023-10-08T01:22:19","slug":"calca-verao-masculina-algodao-elastico","status":"publish","type":"product","link":"https:\/\/liberocomercialbrasil.com\/index.php\/product\/calca-verao-masculina-algodao-elastico\/","title":{"rendered":"Cal\u00e7a Ver\u00e3o Masculina Algod\u00e3o El\u00e1stico"},"content":{"rendered":"<h1>SPECIFICATIONS<\/h1>\n<p><\/br><\/p>\n<p><span>Brand Name<\/span>: <span style=\"color:#333\">UNION ARMY<\/span><\/p>\n<p><span>Applicable Season<\/span>: <span style=\"color:#333\">summer<\/span><\/p>\n<p><span>Origin<\/span>: <span style=\"color:#333\">Mainland China<\/span><\/p>\n<p><span>CN<\/span>: <span style=\"color:#333\">Shanghai<\/span><\/p>\n<p><span>Material<\/span>: <span style=\"color:#333\">nylon<\/span><\/p>\n<p><span>Material<\/span>: <span style=\"color:#333\">Spandex<\/span><\/p>\n<p><span>Applicable Scene<\/span>: <span style=\"color:#333\">Daily<\/span><\/p>\n<p><span>Pant Style<\/span>: <span style=\"color:#333\">STRAIGHT<\/span><\/p>\n<p><span>Style<\/span>: <span style=\"color:#333\">Casual<\/span><\/p>\n<p><span>Thickness<\/span>: <span style=\"color:#333\">Lightweight<\/span><\/p>\n<p><span>Waist Type<\/span>: <span style=\"color:#333\">MID<\/span><\/p>\n<p><span>Decoration<\/span>: <span style=\"color:#333\">Pockets<\/span><\/p>\n<p><span>Gender<\/span>: <span style=\"color:#333\">MEN<\/span><\/p>\n<p><span>Item Type<\/span>: <span style=\"color:#333\">Full Length<\/span><\/p>\n<p><span>Place Of Origin<\/span>: <span style=\"color:#333\">China (Mainland)<\/span><\/p>\n<p><span>Closure Type<\/span>: <span style=\"color:#333\">Zipper Fly<\/span><\/p>\n<p><span>Fabric Type<\/span>: <span style=\"color:#333\">Broadcloth<\/span><\/p>\n<p><span>Length<\/span>: <span style=\"color:#333\">Full Length<\/span><\/p>\n<p><span>Front Style<\/span>: <span style=\"color:#333\">Flat<\/span><\/p>\n<p><span>Fit Type<\/span>: <span style=\"color:#333\">LOOSE<\/span><\/p>\n<p><\/br><\/p>\n","protected":false},"excerpt":{"rendered":"<p>SPECIFICATIONS Brand Name: UNION ARMY Applicable Season: summer Origin: Mainland China CN: Shanghai Material: nylon Material: Spandex Applicable Scene: Daily Pant Style: STRAIGHT Style: Casual Thickness: Lightweight Waist Type: MID Decoration: Pockets Gender: MEN Item Type: Full Length Place Of Origin: China (Mainland) Closure Type: Zipper Fly Fabric Type: Broadcloth Length: Full Length Front Style: [&hellip;]<\/p>\n","protected":false},"featured_media":7376,"comment_status":"open","ping_status":"closed","template":"","meta":[],"product_cat":[15],"product_tag":[],"aioseo_notices":[],"_links":{"self":[{"href":"https:\/\/liberocomercialbrasil.com\/index.php\/wp-json\/wp\/v2\/product\/7412"}],"collection":[{"href":"https:\/\/liberocomercialbrasil.com\/index.php\/wp-json\/wp\/v2\/product"}],"about":[{"href":"https:\/\/liberocomercialbrasil.com\/index.php\/wp-json\/wp\/v2\/types\/product"}],"replies":[{"embeddable":true,"href":"https:\/\/liberocomercialbrasil.com\/index.php\/wp-json\/wp\/v2\/comments?post=7412"}],"wp:featuredmedia":[{"embeddable":true,"href":"https:\/\/liberocomercialbrasil.com\/index.php\/wp-json\/wp\/v2\/media\/7376"}],"wp:attachment":[{"href":"https:\/\/liberocomercialbrasil.com\/index.php\/wp-json\/wp\/v2\/media?parent=7412"}],"wp:term":[{"taxonomy":"product_cat","embeddable":true,"href":"https:\/\/liberocomercialbrasil.com\/index.php\/wp-json\/wp\/v2\/product_cat?post=7412"},{"taxonomy":"product_tag","embeddable":true,"href":"https:\/\/liberocomercialbrasil.com\/index.php\/wp-json\/wp\/v2\/product_tag?post=7412"}],"curies":[{"name":"wp","href":"https:\/\/api.w.org\/{rel}","templated":true}]}}